{"id":361,"date":"2014-05-09T15:49:00","date_gmt":"2014-05-09T14:49:00","guid":{"rendered":"http:\/\/192.168.1.104\/restaurant\/?page_id=9"},"modified":"2019-12-03T11:48:49","modified_gmt":"2019-12-03T11:48:49","slug":"welcome","status":"publish","type":"page","link":"https:\/\/panifsroque.pt\/","title":{"rendered":"Home"},"content":{"rendered":"<div id='layer_slider_1'  class='avia-layerslider main_color avia-shadow  avia-builder-el-0  el_before_av_one_third  avia-builder-el-first  container_wrap sidebar_right'  style='height: 663px;'  ><\/div><div id='after_layer_slider_1'  class='main_color av_default_container_wrap container_wrap sidebar_right'  ><div class='container av-section-cont-open' ><div class='template-page content  av-content-small alpha units'><div class='post-entry post-entry-type-page post-entry-361'><div class='entry-content-wrapper clearfix'>\n\n<style type=\"text\/css\" data-created_by=\"avia_inline_auto\" id=\"style-css-av-av_one_third-352b07ef7d3bc99b2e9f92e7a9e06bdb\">\n.flex_column.av-av_one_third-352b07ef7d3bc99b2e9f92e7a9e06bdb{\nborder-radius:0px 0px 0px 0px;\npadding:0px 0px 0px 0px;\n}\n<\/style>\n<div  class='flex_column av-av_one_third-352b07ef7d3bc99b2e9f92e7a9e06bdb av_one_third  avia-builder-el-1  el_after_av_layerslider  el_before_av_one_third  avia-builder-el-first  first flex_column_div av-zero-column-padding  '     ><p>\n<style type=\"text\/css\" data-created_by=\"avia_inline_auto\" id=\"style-css-av-av_image-b8cb506551162ce911cca63736f55be8\">\n.avia-image-container.av-av_image-b8cb506551162ce911cca63736f55be8 img.avia_image{\nbox-shadow:none;\n}\n.avia-image-container.av-av_image-b8cb506551162ce911cca63736f55be8 .av-image-caption-overlay-center{\ncolor:#ffffff;\n}\n<\/style>\n<div  class='avia-image-container av-av_image-b8cb506551162ce911cca63736f55be8 av-styling- avia-align-left  avia-builder-el-2  el_before_av_hr  avia-builder-el-first '   itemprop=\"image\" itemscope=\"itemscope\" itemtype=\"https:\/\/schema.org\/ImageObject\" ><div class=\"avia-image-container-inner\"><div class=\"avia-image-overlay-wrap\"><img fetchpriority=\"high\" class='wp-image-380 avia-img-lazy-loading-not-380 avia_image ' src='https:\/\/panifsroque.pt\/wp-content\/uploads\/2014\/07\/HISTORIa.png' alt='' title='HISTORIa'  height=\"192\" width=\"319\"  itemprop=\"thumbnailUrl\"  \/><\/div><\/div><\/div><br \/>\n\n<style type=\"text\/css\" data-created_by=\"avia_inline_auto\" id=\"style-css-av-av_hr-ee2847e2e025ce3d30801259a03f9fd4\">\n#top .hr.hr-invisible.av-av_hr-ee2847e2e025ce3d30801259a03f9fd4{\nheight:10px;\n}\n<\/style>\n<div  class='hr av-av_hr-ee2847e2e025ce3d30801259a03f9fd4 hr-invisible  avia-builder-el-3  el_after_av_image  el_before_av_textblock '><span class='hr-inner '><span class=\"hr-inner-style\"><\/span><\/span><\/div><br \/>\n<section  class='av_textblock_section av-av_textblock-0366cc7376be6c9e82a3e9cc8987b64f '   itemscope=\"itemscope\" itemtype=\"https:\/\/schema.org\/CreativeWork\" ><div class='avia_textblock'  itemprop=\"text\" ><h2>A nossa hist\u00f3ria<\/h2>\n<p><span style=\"color: #5d3f37;\">A Panifica\u00e7\u00e3o Reunida de S. Roque, Lda foi fundada em 1961 e resultou da fus\u00e3o de v\u00e1rias padarias mais pequenas que se encontravam espalhadas pela zona do Bairro Alto.<\/span><\/p>\n<\/div><\/section><\/p><\/div>\n\n<style type=\"text\/css\" data-created_by=\"avia_inline_auto\" id=\"style-css-av-av_one_third-2a64de42b738552fe666ca889af77e28\">\n.flex_column.av-av_one_third-2a64de42b738552fe666ca889af77e28{\nborder-radius:0px 0px 0px 0px;\npadding:0px 0px 0px 0px;\n}\n<\/style>\n<div  class='flex_column av-av_one_third-2a64de42b738552fe666ca889af77e28 av_one_third  avia-builder-el-5  el_after_av_one_third  el_before_av_one_third  flex_column_div av-zero-column-padding  '     ><p>\n<style type=\"text\/css\" data-created_by=\"avia_inline_auto\" id=\"style-css-av-av_image-9258db57d1210efa0908569209ec9560\">\n.avia-image-container.av-av_image-9258db57d1210efa0908569209ec9560 img.avia_image{\nbox-shadow:none;\n}\n.avia-image-container.av-av_image-9258db57d1210efa0908569209ec9560 .av-image-caption-overlay-center{\ncolor:#ffffff;\n}\n<\/style>\n<div  class='avia-image-container av-av_image-9258db57d1210efa0908569209ec9560 av-styling- avia-align-left  avia-builder-el-6  el_before_av_hr  avia-builder-el-first '   itemprop=\"image\" itemscope=\"itemscope\" itemtype=\"https:\/\/schema.org\/ImageObject\" ><div class=\"avia-image-container-inner\"><div class=\"avia-image-overlay-wrap\"><img fetchpriority=\"high\" class='wp-image-3261 avia-img-lazy-loading-not-3261 avia_image ' src='https:\/\/panifsroque.pt\/wp-content\/uploads\/2011\/12\/r2-300x187.jpg' alt='' title='r2'  height=\"187\" width=\"300\"  itemprop=\"thumbnailUrl\"  \/><\/div><\/div><\/div><br \/>\n\n<style type=\"text\/css\" data-created_by=\"avia_inline_auto\" id=\"style-css-av-av_hr-ee2847e2e025ce3d30801259a03f9fd4\">\n#top .hr.hr-invisible.av-av_hr-ee2847e2e025ce3d30801259a03f9fd4{\nheight:10px;\n}\n<\/style>\n<div  class='hr av-av_hr-ee2847e2e025ce3d30801259a03f9fd4 hr-invisible  avia-builder-el-7  el_after_av_image  el_before_av_textblock '><span class='hr-inner '><span class=\"hr-inner-style\"><\/span><\/span><\/div><br \/>\n<section  class='av_textblock_section av-av_textblock-0366cc7376be6c9e82a3e9cc8987b64f '   itemscope=\"itemscope\" itemtype=\"https:\/\/schema.org\/CreativeWork\" ><div class='avia_textblock'  itemprop=\"text\" ><h2>Venha Provar o Nosso Bolo Rei<\/h2>\n<p>Nesta \u00e9poca especial, venha conhecer o nosso doces da \u00e9poca com receitas tradicionais, como o nosso tipico Bolo Rei, Sonhos, Filhoses, Tronco de Natal, Rabanadas entre outras delicias natal\u00edcias!!!<\/p>\n<\/div><\/section><\/p><\/div>\n\n<style type=\"text\/css\" data-created_by=\"avia_inline_auto\" id=\"style-css-av-av_one_third-2a64de42b738552fe666ca889af77e28\">\n.flex_column.av-av_one_third-2a64de42b738552fe666ca889af77e28{\nborder-radius:0px 0px 0px 0px;\npadding:0px 0px 0px 0px;\n}\n<\/style>\n<div  class='flex_column av-av_one_third-2a64de42b738552fe666ca889af77e28 av_one_third  avia-builder-el-9  el_after_av_one_third  el_before_av_section  avia-builder-el-last  flex_column_div av-zero-column-padding  '     ><p>\n<style type=\"text\/css\" data-created_by=\"avia_inline_auto\" id=\"style-css-av-av_image-6809889a15f6bc312236eeba69006eb7\">\n.avia-image-container.av-av_image-6809889a15f6bc312236eeba69006eb7 img.avia_image{\nbox-shadow:none;\n}\n.avia-image-container.av-av_image-6809889a15f6bc312236eeba69006eb7 .av-image-caption-overlay-center{\ncolor:#ffffff;\n}\n<\/style>\n<div  class='avia-image-container av-av_image-6809889a15f6bc312236eeba69006eb7 av-styling- avia-align-left  avia-builder-el-10  el_before_av_hr  avia-builder-el-first '   itemprop=\"image\" itemscope=\"itemscope\" itemtype=\"https:\/\/schema.org\/ImageObject\" ><div class=\"avia-image-container-inner\"><div class=\"avia-image-overlay-wrap\"><img fetchpriority=\"high\" class='wp-image-382 avia-img-lazy-loading-not-382 avia_image ' src='https:\/\/panifsroque.pt\/wp-content\/uploads\/2014\/07\/lojas.png' alt='' title='lojas'  height=\"192\" width=\"319\"  itemprop=\"thumbnailUrl\"  \/><\/div><\/div><\/div><br \/>\n\n<style type=\"text\/css\" data-created_by=\"avia_inline_auto\" id=\"style-css-av-av_hr-ee2847e2e025ce3d30801259a03f9fd4\">\n#top .hr.hr-invisible.av-av_hr-ee2847e2e025ce3d30801259a03f9fd4{\nheight:10px;\n}\n<\/style>\n<div  class='hr av-av_hr-ee2847e2e025ce3d30801259a03f9fd4 hr-invisible  avia-builder-el-11  el_after_av_image  el_before_av_textblock '><span class='hr-inner '><span class=\"hr-inner-style\"><\/span><\/span><\/div><br \/>\n<section  class='av_textblock_section av-av_textblock-0366cc7376be6c9e82a3e9cc8987b64f '   itemscope=\"itemscope\" itemtype=\"https:\/\/schema.org\/CreativeWork\" ><div class='avia_textblock'  itemprop=\"text\" ><h2>Conhe\u00e7a as nossas lojas<\/h2>\n<p>Venha conhecer as nossas 7 lojas espalhadas pela zona de Lisboa e aproveite para visitar bairros m\u00edticos como o Bairro Alto ou a Avenida da Liberdade.<\/p>\n<\/div><\/section><\/p><\/div><\/div><\/div><\/div><!-- close content main div --><\/div><\/div>\n<style type=\"text\/css\" data-created_by=\"avia_inline_auto\" id=\"style-css-av-av_section-3ef53b2ab7aba290b4842ef594d77bd8\">\n.avia-section.av-av_section-3ef53b2ab7aba290b4842ef594d77bd8{\nbackground-repeat:repeat;\nbackground-image:url(https:\/\/panifsroque.pt\/wp-content\/uploads\/2014\/07\/FUNDO1.png);\nbackground-position:50% 0%;\nbackground-attachment:scroll;\n}\n<\/style>\n<div id='av_section_1'  class='avia-section av-av_section-3ef53b2ab7aba290b4842ef594d77bd8 alternate_color avia-section-large avia-shadow  avia-builder-el-13  el_after_av_one_third  el_before_av_one_fifth  avia-bg-style-scroll container_wrap sidebar_right'  data-section-bg-repeat='repeat'><div class='container av-section-cont-open' ><div class='template-page content  av-content-small alpha units'><div class='post-entry post-entry-type-page post-entry-361'><div class='entry-content-wrapper clearfix'>\n<section  class='av_textblock_section av-av_textblock-0366cc7376be6c9e82a3e9cc8987b64f '   itemscope=\"itemscope\" itemtype=\"https:\/\/schema.org\/CreativeWork\" ><div class='avia_textblock'  itemprop=\"text\" ><h1 style=\"text-align: center; color: #fff;\">A nossa hist\u00f3ria<\/h1>\n<\/div><\/section>\n<\/div><\/div><\/div><!-- close content main div --><\/div><\/div><div id='after_section_1'  class='main_color av_default_container_wrap container_wrap sidebar_right'  ><div class='container av-section-cont-open' ><div class='template-page content  av-content-small alpha units'><div class='post-entry post-entry-type-page post-entry-361'><div class='entry-content-wrapper clearfix'><\/p>\n\n<style type=\"text\/css\" data-created_by=\"avia_inline_auto\" id=\"style-css-av-av_one_fifth-352b07ef7d3bc99b2e9f92e7a9e06bdb\">\n.flex_column.av-av_one_fifth-352b07ef7d3bc99b2e9f92e7a9e06bdb{\nborder-radius:0px 0px 0px 0px;\npadding:0px 0px 0px 0px;\n}\n<\/style>\n<div  class='flex_column av-av_one_fifth-352b07ef7d3bc99b2e9f92e7a9e06bdb av_one_fifth  avia-builder-el-15  el_after_av_section  el_before_av_three_fifth  avia-builder-el-first  first flex_column_div av-zero-column-padding  '     ><\/div>\n\n<style type=\"text\/css\" data-created_by=\"avia_inline_auto\" id=\"style-css-av-av_three_fifth-2a64de42b738552fe666ca889af77e28\">\n.flex_column.av-av_three_fifth-2a64de42b738552fe666ca889af77e28{\nborder-radius:0px 0px 0px 0px;\npadding:0px 0px 0px 0px;\n}\n<\/style>\n<div  class='flex_column av-av_three_fifth-2a64de42b738552fe666ca889af77e28 av_three_fifth  avia-builder-el-16  el_after_av_one_fifth  el_before_av_one_fifth  flex_column_div av-zero-column-padding  '     ><style type=\"text\/css\" data-created_by=\"avia_inline_auto\" id=\"style-css-av-av_textblock-11bb19cdd4403852272a452b14f2cd58\">\n#top .av_textblock_section.av-av_textblock-11bb19cdd4403852272a452b14f2cd58 .avia_textblock{\nfont-size:19px;\ncolor:#5d3f37;\n}\n<\/style>\n<section  class='av_textblock_section av-av_textblock-11bb19cdd4403852272a452b14f2cd58 '   itemscope=\"itemscope\" itemtype=\"https:\/\/schema.org\/CreativeWork\" ><div class='avia_textblock av_inherit_color'  itemprop=\"text\" ><p>A Panifica\u00e7\u00e3o Reunida de S. Roque, Lda foi fundada em 1961 e resultou da fus\u00e3o de v\u00e1rias padarias mais pequenas que se encontravam espalhadas pela zona do Bairro Alto.<\/p>\n<p>Actualmente conta com uma fabrica de p\u00e3o, uma fabrica de bolos, com sete pastelarias e um deposito de p\u00e3o sendo uma refer\u00eancia na \u00e1rea das padarias e pastelarias da zona da grande Lisboa.<\/p>\n<\/div><\/section><\/div>\n\n<style type=\"text\/css\" data-created_by=\"avia_inline_auto\" id=\"style-css-av-av_one_fifth-2a64de42b738552fe666ca889af77e28\">\n.flex_column.av-av_one_fifth-2a64de42b738552fe666ca889af77e28{\nborder-radius:0px 0px 0px 0px;\npadding:0px 0px 0px 0px;\n}\n<\/style>\n<div  class='flex_column av-av_one_fifth-2a64de42b738552fe666ca889af77e28 av_one_fifth  avia-builder-el-18  el_after_av_three_fifth  el_before_av_section  avia-builder-el-last  flex_column_div av-zero-column-padding  '     ><\/div>\n<\/div><\/div><\/div><!-- close content main div --><\/div><\/div>\n<style type=\"text\/css\" data-created_by=\"avia_inline_auto\" id=\"style-css-av-av_section-086fb2106b877bfd3a515dafc1d098d5\">\n.avia-section.av-av_section-086fb2106b877bfd3a515dafc1d098d5{\nbackground-color:#47342a;\nbackground-image:unset;\n}\n<\/style>\n<div id='av_section_2'  class='avia-section av-av_section-086fb2106b877bfd3a515dafc1d098d5 alternate_color avia-section-default avia-shadow  avia-builder-el-19  el_after_av_one_fifth  el_before_av_masonry_gallery  avia-bg-style-scroll container_wrap sidebar_right'  ><div class='container av-section-cont-open' ><div class='template-page content  av-content-small alpha units'><div class='post-entry post-entry-type-page post-entry-361'><div class='entry-content-wrapper clearfix'>\n\n<style type=\"text\/css\" data-created_by=\"avia_inline_auto\" id=\"style-css-av-av_textblock-013874ef00b5638042cf74911f585a31\">\n#top .av_textblock_section.av-av_textblock-013874ef00b5638042cf74911f585a31 .avia_textblock{\nfont-size:32px;\n}\n<\/style>\n<section  class='av_textblock_section av-av_textblock-013874ef00b5638042cf74911f585a31 '   itemscope=\"itemscope\" itemtype=\"https:\/\/schema.org\/CreativeWork\" ><div class='avia_textblock'  itemprop=\"text\" ><h2 style=\"text-align: center; color: #d8d1bc; font-weight: bold;\">CONHE\u00c7A AS NOSSAS LOJAS &gt;&gt; <a href=\"https:\/\/panifsroque.ptservicos\/\">SAIBA MAIS<\/a><\/h2>\n<\/div><\/section>\n\n<div id='av-masonry-1' class='av-masonry av-av_masonry_gallery-6bf3a0a2c247455902215b01a7d373ce noHover av-fixed-size av-no-gap av-hover-overlay-active av-masonry-animation-active av-masonry-col-4 av-caption-always av-caption-style- av-masonry-gallery ' data-post_id=\"361\"><div class=\"av-masonry-container isotope av-js-disabled\"><div class='av-masonry-entry isotope-item av-masonry-item-no-image '><\/div><a href=\"https:\/\/panifsroque.pt\/wp-content\/uploads\/2014\/07\/boavista-DSC_0015-3-1030x684.jpg\"  aria-label=\"image boavista DSC_0015 (3)\"  id='av-masonry-1-item-394' data-av-masonry-item='394' class='av-masonry-entry isotope-item post-394 attachment type-attachment status-inherit hentry  av-masonry-item-with-image' title=\"boavista DSC_0015 (3)\" alt=\"\"    itemprop=\"thumbnailUrl\" ><div class='av-inner-masonry-sizer'><\/div><figure class='av-inner-masonry main_color'><div class=\"av-masonry-outerimage-container\"><div class='av-masonry-image-container' style=\"background-image: url(https:\/\/panifsroque.pt\/wp-content\/uploads\/2014\/07\/boavista-DSC_0015-3-705x468.jpg);\"  title=\"boavista DSC_0015 (3)\" ><\/div><\/div><\/figure><\/a><!--end av-masonry entry--><a href=\"https:\/\/panifsroque.pt\/wp-content\/uploads\/2014\/07\/glo\u00a6\u00fcria-DSC_0025-5-1030x684.jpg\"  aria-label=\"image glo\u00a6\u00fcria DSC_0025 (5)\"  id='av-masonry-1-item-3250' data-av-masonry-item='3250' class='av-masonry-entry isotope-item post-3250 attachment type-attachment status-inherit hentry  av-masonry-item-with-image' title=\"glo\u00a6\u00fcria DSC_0025 (5)\" alt=\"\"    itemprop=\"thumbnailUrl\" ><div class='av-inner-masonry-sizer'><\/div><figure class='av-inner-masonry main_color'><div class=\"av-masonry-outerimage-container\"><div class='av-masonry-image-container' style=\"background-image: url(https:\/\/panifsroque.pt\/wp-content\/uploads\/2014\/07\/glo\u00a6\u00fcria-DSC_0025-5-705x468.jpg);\"  title=\"glo\u00a6\u00fcria DSC_0025 (5)\" ><\/div><\/div><\/figure><\/a><!--end av-masonry entry--><a href=\"https:\/\/panifsroque.pt\/wp-content\/uploads\/2014\/07\/principe-real-DSC_0030-22-1030x684.jpg\"  aria-label=\"image principe real DSC_0030 (22)\"  id='av-masonry-1-item-3252' data-av-masonry-item='3252' class='av-masonry-entry isotope-item post-3252 attachment type-attachment status-inherit hentry  av-masonry-item-with-image' title=\"principe real DSC_0030 (22)\" alt=\"\"    itemprop=\"thumbnailUrl\" ><div class='av-inner-masonry-sizer'><\/div><figure class='av-inner-masonry main_color'><div class=\"av-masonry-outerimage-container\"><div class='av-masonry-image-container' style=\"background-image: url(https:\/\/panifsroque.pt\/wp-content\/uploads\/2014\/07\/principe-real-DSC_0030-22-705x468.jpg);\"  title=\"principe real DSC_0030 (22)\" ><\/div><\/div><\/figure><\/a><!--end av-masonry entry--><a href=\"https:\/\/panifsroque.pt\/wp-content\/uploads\/2014\/07\/BOLOS.png\"  aria-label=\"image BOLOS\"  id='av-masonry-1-item-381' data-av-masonry-item='381' class='av-masonry-entry isotope-item post-381 attachment type-attachment status-inherit hentry  av-masonry-item-with-image' title=\"BOLOS\" alt=\"\"    itemprop=\"thumbnailUrl\" ><div class='av-inner-masonry-sizer'><\/div><figure class='av-inner-masonry main_color'><div class=\"av-masonry-outerimage-container\"><div class='av-masonry-image-container' style=\"background-image: url(https:\/\/panifsroque.pt\/wp-content\/uploads\/2014\/07\/BOLOS.png);\"  title=\"BOLOS\" ><\/div><\/div><\/figure><\/a><!--end av-masonry entry--><a href=\"https:\/\/panifsroque.pt\/wp-content\/uploads\/2014\/07\/boavista-DSC_0015-1-1030x684.jpg\"  aria-label=\"image boavista DSC_0015 (1)\"  id='av-masonry-1-item-3253' data-av-masonry-item='3253' class='av-masonry-entry isotope-item post-3253 attachment type-attachment status-inherit hentry  av-masonry-item-with-image' title=\"boavista DSC_0015 (1)\" alt=\"\"    itemprop=\"thumbnailUrl\" ><div class='av-inner-masonry-sizer'><\/div><figure class='av-inner-masonry main_color'><div class=\"av-masonry-outerimage-container\"><div class='av-masonry-image-container' style=\"background-image: url(https:\/\/panifsroque.pt\/wp-content\/uploads\/2014\/07\/boavista-DSC_0015-1-705x468.jpg);\"  title=\"boavista DSC_0015 (1)\" ><\/div><\/div><\/figure><\/a><!--end av-masonry entry--><a href=\"https:\/\/panifsroque.pt\/wp-content\/uploads\/2014\/07\/glo\u00a6\u00fcria-DSC_0025-4-1030x684.jpg\"  aria-label=\"image glo\u00a6\u00fcria DSC_0025 (4)\"  id='av-masonry-1-item-3254' data-av-masonry-item='3254' class='av-masonry-entry isotope-item post-3254 attachment type-attachment status-inherit hentry  av-masonry-item-with-image' title=\"glo\u00a6\u00fcria DSC_0025 (4)\" alt=\"\"    itemprop=\"thumbnailUrl\" ><div class='av-inner-masonry-sizer'><\/div><figure class='av-inner-masonry main_color'><div class=\"av-masonry-outerimage-container\"><div class='av-masonry-image-container' style=\"background-image: url(https:\/\/panifsroque.pt\/wp-content\/uploads\/2014\/07\/glo\u00a6\u00fcria-DSC_0025-4-705x468.jpg);\"  title=\"glo\u00a6\u00fcria DSC_0025 (4)\" ><\/div><\/div><\/figure><\/a><!--end av-masonry entry--><a href=\"https:\/\/panifsroque.pt\/wp-content\/uploads\/2015\/09\/06dde434196bd837dc7395c043c3b00f.jpg\"  aria-label=\"image 06dde434196bd837dc7395c043c3b00f\"  id='av-masonry-1-item-3299' data-av-masonry-item='3299' class='av-masonry-entry isotope-item post-3299 attachment type-attachment status-inherit hentry  av-masonry-item-with-image' title=\"06dde434196bd837dc7395c043c3b00f\" alt=\"\"    itemprop=\"thumbnailUrl\" ><div class='av-inner-masonry-sizer'><\/div><figure class='av-inner-masonry main_color'><div class=\"av-masonry-outerimage-container\"><div class='av-masonry-image-container' style=\"background-image: url(https:\/\/panifsroque.pt\/wp-content\/uploads\/2015\/09\/06dde434196bd837dc7395c043c3b00f-705x259.jpg);\"  title=\"06dde434196bd837dc7395c043c3b00f\" ><\/div><\/div><\/figure><\/a><!--end av-masonry entry--><a href=\"https:\/\/panifsroque.pt\/wp-content\/uploads\/2015\/09\/poc\u00a6\u00bao-dos-negros-DSC_0076-10-1030x684.jpg\"  aria-label=\"image poc\u00a6\u00bao dos negros DSC_0076 (10)\"  id='av-masonry-1-item-3306' data-av-masonry-item='3306' class='av-masonry-entry isotope-item post-3306 attachment type-attachment status-inherit hentry  av-masonry-item-with-image' title=\"poc\u00a6\u00bao dos negros DSC_0076 (10)\" alt=\"\"    itemprop=\"thumbnailUrl\" ><div class='av-inner-masonry-sizer'><\/div><figure class='av-inner-masonry main_color'><div class=\"av-masonry-outerimage-container\"><div class='av-masonry-image-container' style=\"background-image: url(https:\/\/panifsroque.pt\/wp-content\/uploads\/2015\/09\/poc\u00a6\u00bao-dos-negros-DSC_0076-10-705x468.jpg);\"  title=\"poc\u00a6\u00bao dos negros DSC_0076 (10)\" ><\/div><\/div><\/figure><\/a><!--end av-masonry entry--><\/div><\/div>\n","protected":false},"excerpt":{"rendered":"","protected":false},"author":1,"featured_media":0,"parent":0,"menu_order":0,"comment_status":"open","ping_status":"open","template":"","meta":{"footnotes":""},"class_list":["post-361","page","type-page","status-publish","hentry"],"_links":{"self":[{"href":"https:\/\/panifsroque.pt\/wp-json\/wp\/v2\/pages\/361"}],"collection":[{"href":"https:\/\/panifsroque.pt\/wp-json\/wp\/v2\/pages"}],"about":[{"href":"https:\/\/panifsroque.pt\/wp-json\/wp\/v2\/types\/page"}],"author":[{"embeddable":true,"href":"https:\/\/panifsroque.pt\/wp-json\/wp\/v2\/users\/1"}],"replies":[{"embeddable":true,"href":"https:\/\/panifsroque.pt\/wp-json\/wp\/v2\/comments?post=361"}],"version-history":[{"count":362,"href":"https:\/\/panifsroque.pt\/wp-json\/wp\/v2\/pages\/361\/revisions"}],"predecessor-version":[{"id":5901,"href":"https:\/\/panifsroque.pt\/wp-json\/wp\/v2\/pages\/361\/revisions\/5901"}],"wp:attachment":[{"href":"https:\/\/panifsroque.pt\/wp-json\/wp\/v2\/media?parent=361"}],"curies":[{"name":"wp","href":"https:\/\/api.w.org\/{rel}","templated":true}]}}